{"id":557,"date":"2021-06-24T04:27:56","date_gmt":"2021-06-24T04:27:56","guid":{"rendered":"https:\/\/sur-innova.cl\/?page_id=557"},"modified":"2022-11-17T00:55:52","modified_gmt":"2022-11-17T00:55:52","slug":"principal","status":"publish","type":"page","link":"https:\/\/sur-innova.cl\/index.php\/principal\/","title":{"rendered":"Misi\u00f3n Visi\u00f3n como empresa"},"content":{"rendered":"\n<h2 id=\"wp-block-themeisle-blocks-advanced-heading-9ba83d41\" class=\"wp-block-themeisle-blocks-advanced-heading wp-block-themeisle-blocks-advanced-heading-9ba83d41\">Misi\u00f3n<\/h2>\n\n\n\n<p>Entregar servicios de calidad, logrando el reconocimiento de los clientes, proporcionando diferentes habilidades en cada \u00e1mbito requerido, para lograr un trabajo de manera eficiente y dedicada.<\/p>\n\n\n\n<h2>Visi\u00f3n<\/h2>\n\n\n\n<p>Lograr posicionarse en el mercado como una de las mejores empresas del sur de chile en el \u00e1mbito de servicios, siendo caracterizada por la correcta atenci\u00f3n y resoluci\u00f3n de problemas de manera eficaz y eficiente.<\/p>\n","protected":false},"excerpt":{"rendered":"<p>Entregar servicios de calidad, logrando el reconocimiento de los clientes, proporcionando diferentes habilidades en cada \u00e1mbito requerido, para lograr un trabajo de manera eficiente y dedicada. Visi\u00f3n Lograr posicionarse en el mercado como una de las mejores empresas del sur de chile en el \u00e1mbito de servicios, siendo caracterizada por la correcta atenci\u00f3n y resoluci\u00f3n [&hellip;]<\/p>\n","protected":false},"author":1,"featured_media":0,"parent":0,"menu_order":0,"comment_status":"closed","ping_status":"closed","template":"","meta":[],"_links":{"self":[{"href":"https:\/\/sur-innova.cl\/index.php\/wp-json\/wp\/v2\/pages\/557"}],"collection":[{"href":"https:\/\/sur-innova.cl\/index.php\/wp-json\/wp\/v2\/pages"}],"about":[{"href":"https:\/\/sur-innova.cl\/index.php\/wp-json\/wp\/v2\/types\/page"}],"author":[{"embeddable":true,"href":"https:\/\/sur-innova.cl\/index.php\/wp-json\/wp\/v2\/users\/1"}],"replies":[{"embeddable":true,"href":"https:\/\/sur-innova.cl\/index.php\/wp-json\/wp\/v2\/comments?post=557"}],"version-history":[{"count":4,"href":"https:\/\/sur-innova.cl\/index.php\/wp-json\/wp\/v2\/pages\/557\/revisions"}],"predecessor-version":[{"id":743,"href":"https:\/\/sur-innova.cl\/index.php\/wp-json\/wp\/v2\/pages\/557\/revisions\/743"}],"wp:attachment":[{"href":"https:\/\/sur-innova.cl\/index.php\/wp-json\/wp\/v2\/media?parent=557"}],"curies":[{"name":"wp","href":"https:\/\/api.w.org\/{rel}","templated":true}]}}