{"id":429,"date":"2021-06-23T21:04:05","date_gmt":"2021-06-23T21:04:05","guid":{"rendered":"http:\/\/sur-innova.cl\/?page_id=429"},"modified":"2021-06-24T16:32:32","modified_gmt":"2021-06-24T16:32:32","slug":"quienes-somos","status":"publish","type":"page","link":"https:\/\/sur-innova.cl\/index.php\/quienes-somos\/","title":{"rendered":"Quienes Somos"},"content":{"rendered":"\n<p><strong>Sur Innova Limitada\u00a0<\/strong>es una empresa joven del sur de nuestro pa\u00eds que se dedica a prestar servicios de limpieza, mantenci\u00f3n de \u00e1reas verdes y otros servicios a los sectores particulares, industriales, y gubernamentales, adem\u00e1s contamos con una amplia gama de productos y maquinarias para ejecutar dichos servicios. Contamos con un equipo de trabajo de primera l\u00ednea, altamente capacitados y preparados para cubrir las necesidades y requerimientos de nuestros clientes.<\/p>\n\n\n\n<figure class=\"wp-block-image size-large is-resized\"><img loading=\"lazy\" src=\"http:\/\/sur-innova.cl\/wp-content\/uploads\/2021\/06\/cropped-cropped-Logo-sur-innova-con-bajada_Mesa-de-trabajo-1.png\" alt=\"\" class=\"wp-image-564\" width=\"481\" height=\"220\" srcset=\"https:\/\/sur-innova.cl\/wp-content\/uploads\/2021\/06\/cropped-cropped-Logo-sur-innova-con-bajada_Mesa-de-trabajo-1.png 625w, https:\/\/sur-innova.cl\/wp-content\/uploads\/2021\/06\/cropped-cropped-Logo-sur-innova-con-bajada_Mesa-de-trabajo-1-300x137.png 300w\" sizes=\"(max-width: 481px) 100vw, 481px\" \/><\/figure>\n","protected":false},"excerpt":{"rendered":"<p>Sur Innova Limitada\u00a0es una empresa joven del sur de nuestro pa\u00eds que se dedica a prestar servicios de limpieza, mantenci\u00f3n de \u00e1reas verdes y otros servicios a los sectores particulares, industriales, y gubernamentales, adem\u00e1s contamos con una amplia gama de productos y maquinarias para ejecutar dichos servicios. Contamos con un equipo de trabajo de primera [&hellip;]<\/p>\n","protected":false},"author":1,"featured_media":0,"parent":0,"menu_order":0,"comment_status":"closed","ping_status":"closed","template":"","meta":[],"_links":{"self":[{"href":"https:\/\/sur-innova.cl\/index.php\/wp-json\/wp\/v2\/pages\/429"}],"collection":[{"href":"https:\/\/sur-innova.cl\/index.php\/wp-json\/wp\/v2\/pages"}],"about":[{"href":"https:\/\/sur-innova.cl\/index.php\/wp-json\/wp\/v2\/types\/page"}],"author":[{"embeddable":true,"href":"https:\/\/sur-innova.cl\/index.php\/wp-json\/wp\/v2\/users\/1"}],"replies":[{"embeddable":true,"href":"https:\/\/sur-innova.cl\/index.php\/wp-json\/wp\/v2\/comments?post=429"}],"version-history":[{"count":3,"href":"https:\/\/sur-innova.cl\/index.php\/wp-json\/wp\/v2\/pages\/429\/revisions"}],"predecessor-version":[{"id":598,"href":"https:\/\/sur-innova.cl\/index.php\/wp-json\/wp\/v2\/pages\/429\/revisions\/598"}],"wp:attachment":[{"href":"https:\/\/sur-innova.cl\/index.php\/wp-json\/wp\/v2\/media?parent=429"}],"curies":[{"name":"wp","href":"https:\/\/api.w.org\/{rel}","templated":true}]}}